{"id":740,"date":"2025-01-21T11:00:17","date_gmt":"2025-01-21T10:00:17","guid":{"rendered":"http:\/\/agentur-cyberschutz.btvi-marketing-consultants.de\/?page_id=740"},"modified":"2025-03-17T11:41:01","modified_gmt":"2025-03-17T10:41:01","slug":"impressum","status":"publish","type":"page","link":"https:\/\/www.cybercrime-komplettschutz.at\/irta\/impressum\/","title":{"rendered":"Impressum"},"content":{"rendered":"\t\t<div data-elementor-type=\"wp-page\" data-elementor-id=\"740\" class=\"elementor elementor-740\" data-elementor-post-type=\"page\">\n\t\t\t\t\t\t<section class=\"elementor-section elementor-top-section elementor-element elementor-element-bf8501e elementor-section-boxed elementor-section-height-default elementor-section-height-default\" data-id=\"bf8501e\" data-element_type=\"section\">\n\t\t\t\t\t\t<div class=\"elementor-container elementor-column-gap-default\">\n\t\t\t\t\t<div class=\"elementor-column elementor-col-100 elementor-top-column elementor-element elementor-element-49b3c0d\" data-id=\"49b3c0d\" data-element_type=\"column\">\n\t\t\t<div class=\"elementor-widget-wrap elementor-element-populated\">\n\t\t\t\t\t\t<div class=\"elementor-element elementor-element-0206457 elementor-invisible elementor-widget elementor-widget-heading\" data-id=\"0206457\" data-element_type=\"widget\" data-settings=\"{&quot;_animation&quot;:&quot;fadeInUp&quot;,&quot;ekit_we_effect_on&quot;:&quot;none&quot;}\" data-widget_type=\"heading.default\">\n\t\t\t\t<div class=\"elementor-widget-container\">\n\t\t\t\t\t<h1 class=\"elementor-heading-title elementor-size-default\">Impressum<\/h1>\t\t\t\t<\/div>\n\t\t\t\t<\/div>\n\t\t\t\t<div class=\"elementor-element elementor-element-4740f29 elementor-widget-divider--view-line elementor-invisible elementor-widget elementor-widget-divider\" data-id=\"4740f29\" data-element_type=\"widget\" data-settings=\"{&quot;_animation&quot;:&quot;fadeInUp&quot;,&quot;ekit_we_effect_on&quot;:&quot;none&quot;}\" data-widget_type=\"divider.default\">\n\t\t\t\t<div class=\"elementor-widget-container\">\n\t\t\t\t\t\t\t<div class=\"elementor-divider\">\n\t\t\t<span class=\"elementor-divider-separator\">\n\t\t\t\t\t\t<\/span>\n\t\t<\/div>\n\t\t\t\t\t\t<\/div>\n\t\t\t\t<\/div>\n\t\t\t\t<div class=\"elementor-element elementor-element-fcbf3c2 elementor-invisible elementor-widget elementor-widget-text-editor\" data-id=\"fcbf3c2\" data-element_type=\"widget\" data-settings=\"{&quot;_animation&quot;:&quot;fadeInUp&quot;,&quot;ekit_we_effect_on&quot;:&quot;none&quot;}\" data-widget_type=\"text-editor.default\">\n\t\t\t\t<div class=\"elementor-widget-container\">\n\t\t\t\t\t\t\t\t\t<div class=\"page\" title=\"Page 3\">\n<div class=\"section\">\n<div class=\"layoutArea\">\n<div class=\"column\">\n<p><strong>Agentur Cyberschutz \u2013 Cyber- und IT-Security &amp; Consulting GmbH<\/strong><br \/>2514 Traiskirchen, Wienersdorfer Str. 20-24\/N54<br \/>\u00d6sterreich<\/p>\n<p>Gesch\u00e4ftsf\u00fchrer: Oliver Hietz<\/p>\n<p>Tel.:\u00a0<a href=\"tel:+436767088510\" target=\"_blank\" rel=\"noopener\">+43 676 7088510 <\/a><br \/>E-Mail:\u00a0<a href=\"mailto:anfrage@agentur-cyberschutz.at\">anfrage@agentur-cyberschutz.at<\/a><\/p>\n<p>Internet: \u00a0<a href=\"https:\/\/www.agentur-cyberschutz.at\/\">https:\/\/www.agentur-cyberschutz.at<\/a><\/p>\n<p>FN: FN 640054g \u2013 LG Wr. Neustadt<\/p>\n<p>Steuernummer: 16 402\/8953<br \/>UID Nummer: ATU81301627<\/p>\n<p>Bankverbindung: Raiffeisenbank Region Schwechat<br \/>AT63 3282 3000 0104 9030<br \/>BIC: RLNWATWW823<\/p>\n<p>Informationspflicht laut \u00a75 E-Commerce Gesetz, \u00a714 Unternehmensgesetzbuch, \u00a763 Gewerbeordnung und Offenlegungspflicht laut \u00a725 Mediengesetz.<\/p>\n<h3>Leistungsportfolio<\/h3>\n<p><strong>Gesamtkonzepte f\u00fcr Cyber- und IT-Sicherheit<\/strong><\/p>\n<p>IT-Security SaaS und MS L\u00f6sungen (CVE Analysen, RMM, secureDNS, \u2026)<\/p>\n<p>Security-Awareness-Services<\/p>\n<p>Cybercrime, Darknet &amp; Solutions Vortr\u00e4ge \u2013 Seminare<\/p>\n<p>Cyber Mitarbeiterschulungen &amp; Awareness-Trainings<\/p>\n<p>Durchf\u00fchrung von IT-Risikoanalysen und Audits<\/p>\n<p>Bereitstellung von Cyber-Informationsservices und Durchf\u00fchrung von Darknet-Analysen<\/p>\n<p>Darknet Monitoring und<\/p>\n<p>Crime Investigation Services<\/p>\n<p>Begleitung und Unterst\u00fctzung im Cyberversicherungs-Antragsprozess inkl.<\/p>\n<p>Herstellung und Best\u00e4tigung der Voraussetzungen<\/p>\n<p>Unterst\u00fctzung im Cyber-Schadensfall durch Bereitstellung und Koordination von Incident Response Service Teams<\/p>\n<p>Unternehmensberatung einschlie\u00dflich der Unternehmensorganisation im Bereich Technik\/Technologie<\/p>\n<p>Verkauf, Installation und Betreuung von MF-Hardware<\/p>\n<h3>Urheberrechtshinweis<\/h3>\n<p>Alle Inhalte dieser Webseite (Bilder, Fotos, Texte, Videos) unterliegen dem Urheberrecht. Falls notwendig, werden wir die unerlaubte Nutzung von Teilen der Inhalte unserer Seite rechtlich verfolgen.<\/p>\n<h3>EU-Streitschlichtung<\/h3>\n<p>Gem\u00e4\u00df Verordnung \u00fcber Online-Streitbeilegung in Verbraucherangelegenheiten (ODR-Verordnung) m\u00f6chten wir Sie \u00fcber die Online-Streitbeilegungsplattform (OS-Plattform) informieren.<br \/>Verbraucher haben die M\u00f6glichkeit, Beschwerden an die Online-Streitbeilegungsplattform der Europ\u00e4ischen Kommission unter\u00a0<a href=\"https:\/\/ec.europa.eu\/consumers\/odr\/main\/index.cfm?event=main.home2.show&amp;lng=DE\" target=\"_blank\" rel=\"noopener noreferrer nofollow\">http:\/\/ec.europa.eu\/odr?tid=221147257<\/a>\u00a0zu richten. Die daf\u00fcr notwendigen Kontaktdaten finden Sie oberhalb in unserem Impressum.<\/p>\n<p>Wir m\u00f6chten Sie jedoch darauf hinweisen, dass wir nicht bereit oder verpflichtet sind, an Streitbeilegungsverfahren vor einer Verbraucherschlichtungsstelle teilzunehmen.<\/p>\n<h3>Bildernachweis<\/h3>\n<p>Die Bilder, Fotos und Grafiken auf dieser Webseite sind urheberrechtlich gesch\u00fctzt.<\/p>\n<p>Die Bilderrechte liegen bei den folgenden Fotografen und Unternehmen:<\/p>\n<ul>\n<li>Agentur Cyberschutz, 2500 Baden<\/li>\n<\/ul>\n<h3>Haftung f\u00fcr Inhalte dieser Website<\/h3>\n<p>Wir entwickeln die Inhalte dieser Webseite st\u00e4ndig weiter und bem\u00fchen uns korrekte und aktuelle Informationen bereitzustellen. \u00a0Leider k\u00f6nnen wir keine Haftung f\u00fcr die Korrektheit aller Inhalte auf dieser Website \u00fcbernehmen, speziell f\u00fcr jene, die seitens Dritter bereitgestellt wurden. Als Diensteanbieter sind wir nicht verpflichtet, die von ihnen \u00fcbermittelten oder gespeicherten Informationen zu \u00fcberwachen oder nach Umst\u00e4nden zu forschen, die auf eine rechtswidrige T\u00e4tigkeit hinweisen.<\/p>\n<p>Unsere Verpflichtungen zur Entfernung von Informationen oder zur Sperrung der Nutzung von Informationen nach den allgemeinen Gesetzen aufgrund von gerichtlichen oder beh\u00f6rdlichen Anordnungen bleiben auch im Falle unserer Nichtverantwortlichkeit davon unber\u00fchrt.<\/p>\n<p>Sollten Ihnen problematische oder rechtswidrige Inhalte auffallen, bitte wir Sie uns umgehend zu kontaktieren, damit wir die rechtswidrigen Inhalte entfernen k\u00f6nnen. Sie finden die Kontaktdaten im Impressum.<\/p>\n<h3>Haftung f\u00fcr Links auf dieser Webseite<\/h3>\n<p>Unsere Webseite enth\u00e4lt Links zu anderen Webseiten, f\u00fcr deren Inhalt wir nicht verantwortlich sind. Haftung f\u00fcr verlinkte Websites besteht f\u00fcr uns nicht, da wir keine Kenntnis rechtswidriger T\u00e4tigkeiten hatten und haben, uns solche Rechtswidrigkeiten auch bisher nicht aufgefallen sind und wir Links sofort entfernen w\u00fcrden, wenn uns Rechtswidrigkeiten bekannt werden.<\/p>\n<p>Wenn Ihnen rechtswidrige Links auf unserer Website auffallen, bitten wir Sie uns zu kontaktieren. Sie finden die Kontaktdaten im Impressum.<\/p>\n<p>Quelle: Erstellt\u00a0mit dem\u00a0\u00a0<a title=\"Datenschutz Generator von firmenwebseiten.at\" href=\"https:\/\/www.firmenwebseiten.at\/datenschutz-generator\/\" target=\"_blank\" rel=\"follow noopener\">Datenschutz Generator<\/a>\u00a0von firmenwebseiten.at<\/p>\n<\/div>\n<\/div>\n<\/div>\n<\/div>\n<p><!-- \/wp:paragraph --><\/p>\t\t\t\t\t\t\t\t<\/div>\n\t\t\t\t<\/div>\n\t\t\t\t\t<\/div>\n\t\t<\/div>\n\t\t\t\t\t<\/div>\n\t\t<\/section>\n\t\t\t\t<\/div>\n\t\t","protected":false},"excerpt":{"rendered":"<p>Impressum Agentur Cyberschutz \u2013 Cyber- und IT-Security &amp; Consulting GmbH2514 Traiskirchen, Wienersdorfer Str. 20-24\/N54\u00d6sterreich Gesch\u00e4ftsf\u00fchrer: Oliver Hietz Tel.:\u00a0+43 676 7088510 E-Mail:\u00a0anfrage@agentur-cyberschutz.at Internet: \u00a0https:\/\/www.agentur-cyberschutz.at FN: FN 640054g \u2013 LG Wr. Neustadt Steuernummer: 16 402\/8953UID Nummer: ATU81301627 Bankverbindung: Raiffeisenbank Region SchwechatAT63 3282 3000 0104 9030BIC: RLNWATWW823 Informationspflicht laut \u00a75 E-Commerce Gesetz, \u00a714 Unternehmensgesetzbuch, \u00a763 Gewerbeordnung und Offenlegungspflicht [&hellip;]<\/p>\n","protected":false},"author":1,"featured_media":0,"parent":0,"menu_order":0,"comment_status":"closed","ping_status":"open","template":"","meta":{"inline_featured_image":false,"footnotes":""},"class_list":["post-740","page","type-page","status-publish","hentry"],"yoast_head":"<!-- This site is optimized with the Yoast SEO Premium plugin v26.4 (Yoast SEO v26.4) - https:\/\/yoast.com\/wordpress\/plugins\/seo\/ -->\n<title>Impressum | Cyber Angriff Incident Response Service<\/title>\n<meta name=\"description\" content=\"Impressum der Agentur Cyberschutz von Gr\u00fcnder Oliver Hietz, einem ausgewiesenen Experten und Kriminalpolizisten a.D.\" \/>\n<meta name=\"robots\" content=\"index, follow, max-snippet:-1, max-image-preview:large, max-video-preview:-1\" \/>\n<link rel=\"canonical\" href=\"https:\/\/www.cybercrime-komplettschutz.at\/irta\/impressum\/\" \/>\n<meta property=\"og:locale\" content=\"de_DE\" \/>\n<meta property=\"og:type\" content=\"article\" \/>\n<meta property=\"og:title\" content=\"Impressum\" \/>\n<meta property=\"og:description\" content=\"Impressum der Agentur Cyberschutz von Gr\u00fcnder Oliver Hietz, einem ausgewiesenen Experten und Kriminalpolizisten a.D.\" \/>\n<meta property=\"og:url\" content=\"https:\/\/www.cybercrime-komplettschutz.at\/irta\/impressum\/\" \/>\n<meta property=\"og:site_name\" content=\"Cyber Angriff Incident Response Service\" \/>\n<meta property=\"article:modified_time\" content=\"2025-03-17T10:41:01+00:00\" \/>\n<meta name=\"twitter:card\" content=\"summary_large_image\" \/>\n<meta name=\"twitter:label1\" content=\"Gesch\u00e4tzte Lesezeit\" \/>\n\t<meta name=\"twitter:data1\" content=\"3\u00a0Minuten\" \/>\n<script type=\"application\/ld+json\" class=\"yoast-schema-graph\">{\"@context\":\"https:\/\/schema.org\",\"@graph\":[{\"@type\":\"WebPage\",\"@id\":\"https:\/\/www.cybercrime-komplettschutz.at\/irta\/impressum\/\",\"url\":\"https:\/\/www.cybercrime-komplettschutz.at\/irta\/impressum\/\",\"name\":\"Impressum | Cyber Angriff Incident Response Service\",\"isPartOf\":{\"@id\":\"https:\/\/www.cybercrime-komplettschutz.at\/irta\/#website\"},\"datePublished\":\"2025-01-21T10:00:17+00:00\",\"dateModified\":\"2025-03-17T10:41:01+00:00\",\"description\":\"Impressum der Agentur Cyberschutz von Gr\u00fcnder Oliver Hietz, einem ausgewiesenen Experten und Kriminalpolizisten a.D.\",\"breadcrumb\":{\"@id\":\"https:\/\/www.cybercrime-komplettschutz.at\/irta\/impressum\/#breadcrumb\"},\"inLanguage\":\"de\",\"potentialAction\":[{\"@type\":\"ReadAction\",\"target\":[\"https:\/\/www.cybercrime-komplettschutz.at\/irta\/impressum\/\"]}]},{\"@type\":\"BreadcrumbList\",\"@id\":\"https:\/\/www.cybercrime-komplettschutz.at\/irta\/impressum\/#breadcrumb\",\"itemListElement\":[{\"@type\":\"ListItem\",\"position\":1,\"name\":\"Startseite\",\"item\":\"https:\/\/www.cybercrime-komplettschutz.at\/irta\/\"},{\"@type\":\"ListItem\",\"position\":2,\"name\":\"Impressum\"}]},{\"@type\":\"WebSite\",\"@id\":\"https:\/\/www.cybercrime-komplettschutz.at\/irta\/#website\",\"url\":\"https:\/\/www.cybercrime-komplettschutz.at\/irta\/\",\"name\":\"Agentur Cyberschutz \u2013 Cybercrime Komplettschutz\",\"description\":\"Professionelle Soforthilfe bei einem Cyber Angriff\",\"publisher\":{\"@id\":\"https:\/\/www.cybercrime-komplettschutz.at\/irta\/#organization\"},\"alternateName\":\"Agentur Cyberschutz\",\"potentialAction\":[{\"@type\":\"SearchAction\",\"target\":{\"@type\":\"EntryPoint\",\"urlTemplate\":\"https:\/\/www.cybercrime-komplettschutz.at\/irta\/?s={search_term_string}\"},\"query-input\":{\"@type\":\"PropertyValueSpecification\",\"valueRequired\":true,\"valueName\":\"search_term_string\"}}],\"inLanguage\":\"de\"},{\"@type\":\"Organization\",\"@id\":\"https:\/\/www.cybercrime-komplettschutz.at\/irta\/#organization\",\"name\":\"Agentur Cyberschutz \u2013 Cyber- und IT-Security & Consulting GmbH\",\"url\":\"https:\/\/www.cybercrime-komplettschutz.at\/irta\/\",\"logo\":{\"@type\":\"ImageObject\",\"inLanguage\":\"de\",\"@id\":\"https:\/\/www.cybercrime-komplettschutz.at\/irta\/#\/schema\/logo\/image\/\",\"url\":\"https:\/\/www.cybercrime-komplettschutz.at\/irta\/wp-content\/uploads\/2025\/01\/agentur-cyberschutz-logo-1200-290.png\",\"contentUrl\":\"https:\/\/www.cybercrime-komplettschutz.at\/irta\/wp-content\/uploads\/2025\/01\/agentur-cyberschutz-logo-1200-290.png\",\"width\":1200,\"height\":290,\"caption\":\"Agentur Cyberschutz \u2013 Cyber- und IT-Security & Consulting GmbH\"},\"image\":{\"@id\":\"https:\/\/www.cybercrime-komplettschutz.at\/irta\/#\/schema\/logo\/image\/\"},\"sameAs\":[\"https:\/\/www.linkedin.com\/company\/agentur-cyberschutz\/\"]}]}<\/script>\n<!-- \/ Yoast SEO Premium plugin. -->","yoast_head_json":{"title":"Impressum | Cyber Angriff Incident Response Service","description":"Impressum der Agentur Cyberschutz von Gr\u00fcnder Oliver Hietz, einem ausgewiesenen Experten und Kriminalpolizisten a.D.","robots":{"index":"index","follow":"follow","max-snippet":"max-snippet:-1","max-image-preview":"max-image-preview:large","max-video-preview":"max-video-preview:-1"},"canonical":"https:\/\/www.cybercrime-komplettschutz.at\/irta\/impressum\/","og_locale":"de_DE","og_type":"article","og_title":"Impressum","og_description":"Impressum der Agentur Cyberschutz von Gr\u00fcnder Oliver Hietz, einem ausgewiesenen Experten und Kriminalpolizisten a.D.","og_url":"https:\/\/www.cybercrime-komplettschutz.at\/irta\/impressum\/","og_site_name":"Cyber Angriff Incident Response Service","article_modified_time":"2025-03-17T10:41:01+00:00","twitter_card":"summary_large_image","twitter_misc":{"Gesch\u00e4tzte Lesezeit":"3\u00a0Minuten"},"schema":{"@context":"https:\/\/schema.org","@graph":[{"@type":"WebPage","@id":"https:\/\/www.cybercrime-komplettschutz.at\/irta\/impressum\/","url":"https:\/\/www.cybercrime-komplettschutz.at\/irta\/impressum\/","name":"Impressum | Cyber Angriff Incident Response Service","isPartOf":{"@id":"https:\/\/www.cybercrime-komplettschutz.at\/irta\/#website"},"datePublished":"2025-01-21T10:00:17+00:00","dateModified":"2025-03-17T10:41:01+00:00","description":"Impressum der Agentur Cyberschutz von Gr\u00fcnder Oliver Hietz, einem ausgewiesenen Experten und Kriminalpolizisten a.D.","breadcrumb":{"@id":"https:\/\/www.cybercrime-komplettschutz.at\/irta\/impressum\/#breadcrumb"},"inLanguage":"de","potentialAction":[{"@type":"ReadAction","target":["https:\/\/www.cybercrime-komplettschutz.at\/irta\/impressum\/"]}]},{"@type":"BreadcrumbList","@id":"https:\/\/www.cybercrime-komplettschutz.at\/irta\/impressum\/#breadcrumb","itemListElement":[{"@type":"ListItem","position":1,"name":"Startseite","item":"https:\/\/www.cybercrime-komplettschutz.at\/irta\/"},{"@type":"ListItem","position":2,"name":"Impressum"}]},{"@type":"WebSite","@id":"https:\/\/www.cybercrime-komplettschutz.at\/irta\/#website","url":"https:\/\/www.cybercrime-komplettschutz.at\/irta\/","name":"Agentur Cyberschutz \u2013 Cybercrime Komplettschutz","description":"Professionelle Soforthilfe bei einem Cyber Angriff","publisher":{"@id":"https:\/\/www.cybercrime-komplettschutz.at\/irta\/#organization"},"alternateName":"Agentur Cyberschutz","potentialAction":[{"@type":"SearchAction","target":{"@type":"EntryPoint","urlTemplate":"https:\/\/www.cybercrime-komplettschutz.at\/irta\/?s={search_term_string}"},"query-input":{"@type":"PropertyValueSpecification","valueRequired":true,"valueName":"search_term_string"}}],"inLanguage":"de"},{"@type":"Organization","@id":"https:\/\/www.cybercrime-komplettschutz.at\/irta\/#organization","name":"Agentur Cyberschutz \u2013 Cyber- und IT-Security & Consulting GmbH","url":"https:\/\/www.cybercrime-komplettschutz.at\/irta\/","logo":{"@type":"ImageObject","inLanguage":"de","@id":"https:\/\/www.cybercrime-komplettschutz.at\/irta\/#\/schema\/logo\/image\/","url":"https:\/\/www.cybercrime-komplettschutz.at\/irta\/wp-content\/uploads\/2025\/01\/agentur-cyberschutz-logo-1200-290.png","contentUrl":"https:\/\/www.cybercrime-komplettschutz.at\/irta\/wp-content\/uploads\/2025\/01\/agentur-cyberschutz-logo-1200-290.png","width":1200,"height":290,"caption":"Agentur Cyberschutz \u2013 Cyber- und IT-Security & Consulting GmbH"},"image":{"@id":"https:\/\/www.cybercrime-komplettschutz.at\/irta\/#\/schema\/logo\/image\/"},"sameAs":["https:\/\/www.linkedin.com\/company\/agentur-cyberschutz\/"]}]}},"_links":{"self":[{"href":"https:\/\/www.cybercrime-komplettschutz.at\/irta\/wp-json\/wp\/v2\/pages\/740","targetHints":{"allow":["GET"]}}],"collection":[{"href":"https:\/\/www.cybercrime-komplettschutz.at\/irta\/wp-json\/wp\/v2\/pages"}],"about":[{"href":"https:\/\/www.cybercrime-komplettschutz.at\/irta\/wp-json\/wp\/v2\/types\/page"}],"author":[{"embeddable":true,"href":"https:\/\/www.cybercrime-komplettschutz.at\/irta\/wp-json\/wp\/v2\/users\/1"}],"replies":[{"embeddable":true,"href":"https:\/\/www.cybercrime-komplettschutz.at\/irta\/wp-json\/wp\/v2\/comments?post=740"}],"version-history":[{"count":16,"href":"https:\/\/www.cybercrime-komplettschutz.at\/irta\/wp-json\/wp\/v2\/pages\/740\/revisions"}],"predecessor-version":[{"id":1848,"href":"https:\/\/www.cybercrime-komplettschutz.at\/irta\/wp-json\/wp\/v2\/pages\/740\/revisions\/1848"}],"wp:attachment":[{"href":"https:\/\/www.cybercrime-komplettschutz.at\/irta\/wp-json\/wp\/v2\/media?parent=740"}],"curies":[{"name":"wp","href":"https:\/\/api.w.org\/{rel}","templated":true}]}}